{"id":15,"date":"2019-01-11T16:28:21","date_gmt":"2019-01-11T15:28:21","guid":{"rendered":"https:\/\/cc-lesrochesdouvres.fr\/?page_id=15"},"modified":"2019-01-23T14:26:41","modified_gmt":"2019-01-23T13:26:41","slug":"coccinelle","status":"publish","type":"page","link":"https:\/\/cc-lesrochesdouvres.fr\/index.php\/coccinelle\/","title":{"rendered":"Coccinelle"},"content":{"rendered":"\n<p style=\"text-align:center\"><strong>Horaires :  Ouvert le lundi de 10h \u00e0 12h15 et de 13h30 \u00e0 18h30.<br>Tout le reste de la semaine de 9h \u00e0 12h15 et de 14h \u00e0 19h.<br>Ferm\u00e9 le dimanche.<\/strong><\/p>\n\n\n\n<p style=\"text-align:center\"><strong>Contact :  02\u00a096\u00a020\u00a010\u00a034<\/strong><\/p>\n\n\n\n<div class=\"wp-block-image\"><figure class=\"aligncenter\"><img loading=\"lazy\" width=\"900\" height=\"600\" src=\"https:\/\/cc-lesrochesdouvres.fr\/wp-content\/uploads\/2019\/01\/LOeil-de-Paco-Fleuriste-Coccinelle-81.jpg\" alt=\"\" class=\"wp-image-142\" srcset=\"https:\/\/cc-lesrochesdouvres.fr\/wp-content\/uploads\/2019\/01\/LOeil-de-Paco-Fleuriste-Coccinelle-81.jpg 900w, https:\/\/cc-lesrochesdouvres.fr\/wp-content\/uploads\/2019\/01\/LOeil-de-Paco-Fleuriste-Coccinelle-81-300x200.jpg 300w, https:\/\/cc-lesrochesdouvres.fr\/wp-content\/uploads\/2019\/01\/LOeil-de-Paco-Fleuriste-Coccinelle-81-768x512.jpg 768w\" sizes=\"(max-width: 900px) 100vw, 900px\" \/><\/figure><\/div>\n\n\n\n<p>Coccinelle est une enseigne connue des habitants du Tr\u00e9gor-Go\u00eblo, avec ses 4 commerces implant\u00e9s \u00e0 Pleubian, Minihy-Tr\u00e9guier, Penv\u00e9nan, et maintenant Pleudaniel.  <\/p>\n\n\n\n<div class=\"wp-block-image\"><figure class=\"aligncenter\"><img loading=\"lazy\" width=\"900\" height=\"600\" src=\"https:\/\/cc-lesrochesdouvres.fr\/wp-content\/uploads\/2019\/01\/LOeil-de-Paco-Fleuriste-Coccinelle-16.jpg\" alt=\"\" class=\"wp-image-143\" srcset=\"https:\/\/cc-lesrochesdouvres.fr\/wp-content\/uploads\/2019\/01\/LOeil-de-Paco-Fleuriste-Coccinelle-16.jpg 900w, https:\/\/cc-lesrochesdouvres.fr\/wp-content\/uploads\/2019\/01\/LOeil-de-Paco-Fleuriste-Coccinelle-16-300x200.jpg 300w, https:\/\/cc-lesrochesdouvres.fr\/wp-content\/uploads\/2019\/01\/LOeil-de-Paco-Fleuriste-Coccinelle-16-768x512.jpg 768w\" sizes=\"(max-width: 900px) 100vw, 900px\" \/><\/figure><\/div>\n\n\n\n<p>Que ce soit des pr\u00e9parations de mariages, anniversaires, plaisir d&rsquo;offrir, d\u00e9c\u00e8s&#8230; Alexia, C\u00e9cile ou Ruddy seront \u00e0 votre \u00e9coute et vous conseilleront.<\/p>\n\n\n\n<div class=\"wp-block-image\"><figure class=\"aligncenter\"><img loading=\"lazy\" width=\"900\" height=\"600\" src=\"https:\/\/cc-lesrochesdouvres.fr\/wp-content\/uploads\/2019\/01\/LOeil-de-Paco-Fleuriste-Coccinelle-25.jpg\" alt=\"\" class=\"wp-image-144\" srcset=\"https:\/\/cc-lesrochesdouvres.fr\/wp-content\/uploads\/2019\/01\/LOeil-de-Paco-Fleuriste-Coccinelle-25.jpg 900w, https:\/\/cc-lesrochesdouvres.fr\/wp-content\/uploads\/2019\/01\/LOeil-de-Paco-Fleuriste-Coccinelle-25-300x200.jpg 300w, https:\/\/cc-lesrochesdouvres.fr\/wp-content\/uploads\/2019\/01\/LOeil-de-Paco-Fleuriste-Coccinelle-25-768x512.jpg 768w\" sizes=\"(max-width: 900px) 100vw, 900px\" \/><\/figure><\/div>\n\n\n\n<p>En plus d&rsquo;avoir un conseil personnalis\u00e9, vous \u00eates certains d&rsquo;avoir des produits de qualit\u00e9.<\/p>\n\n\n\n<blockquote class=\"wp-block-quote\"><p>On r\u00e9alise nos bouquets en fonction des saisons. Nous nous approvisionnons en local, nous avons des plantes B\u00e9gard, des fleurs de Paimpol&#8230;<\/p><\/blockquote>\n\n\n\n<div class=\"wp-block-image\"><figure class=\"aligncenter\"><img loading=\"lazy\" width=\"900\" height=\"600\" src=\"https:\/\/cc-lesrochesdouvres.fr\/wp-content\/uploads\/2019\/01\/LOeil-de-Paco-Fleuriste-Coccinelle-66.jpg\" alt=\"\" class=\"wp-image-147\" srcset=\"https:\/\/cc-lesrochesdouvres.fr\/wp-content\/uploads\/2019\/01\/LOeil-de-Paco-Fleuriste-Coccinelle-66.jpg 900w, https:\/\/cc-lesrochesdouvres.fr\/wp-content\/uploads\/2019\/01\/LOeil-de-Paco-Fleuriste-Coccinelle-66-300x200.jpg 300w, https:\/\/cc-lesrochesdouvres.fr\/wp-content\/uploads\/2019\/01\/LOeil-de-Paco-Fleuriste-Coccinelle-66-768x512.jpg 768w\" sizes=\"(max-width: 900px) 100vw, 900px\" \/><\/figure><\/div>\n","protected":false},"excerpt":{"rendered":"<p>Horaires : Ouvert le lundi de 10h \u00e0 12h15 et de 13h30 \u00e0 18h30.Tout le reste de la semaine de 9h \u00e0 12h15 et de 14h \u00e0 19h.Ferm\u00e9 le dimanche. Contact : 02\u00a096\u00a020\u00a010\u00a034 Coccinelle est une enseigne connue des habitants du Tr\u00e9gor-Go\u00eblo, avec ses 4 commerces implant\u00e9s \u00e0 Pleubian, Minihy-Tr\u00e9guier, Penv\u00e9nan, et maintenant Pleudaniel. Que [&hellip;]<\/p>\n","protected":false},"author":1,"featured_media":0,"parent":0,"menu_order":0,"comment_status":"closed","ping_status":"closed","template":"fullwidth.php","meta":[],"_links":{"self":[{"href":"https:\/\/cc-lesrochesdouvres.fr\/index.php\/wp-json\/wp\/v2\/pages\/15"}],"collection":[{"href":"https:\/\/cc-lesrochesdouvres.fr\/index.php\/wp-json\/wp\/v2\/pages"}],"about":[{"href":"https:\/\/cc-lesrochesdouvres.fr\/index.php\/wp-json\/wp\/v2\/types\/page"}],"author":[{"embeddable":true,"href":"https:\/\/cc-lesrochesdouvres.fr\/index.php\/wp-json\/wp\/v2\/users\/1"}],"replies":[{"embeddable":true,"href":"https:\/\/cc-lesrochesdouvres.fr\/index.php\/wp-json\/wp\/v2\/comments?post=15"}],"version-history":[{"count":7,"href":"https:\/\/cc-lesrochesdouvres.fr\/index.php\/wp-json\/wp\/v2\/pages\/15\/revisions"}],"predecessor-version":[{"id":149,"href":"https:\/\/cc-lesrochesdouvres.fr\/index.php\/wp-json\/wp\/v2\/pages\/15\/revisions\/149"}],"wp:attachment":[{"href":"https:\/\/cc-lesrochesdouvres.fr\/index.php\/wp-json\/wp\/v2\/media?parent=15"}],"curies":[{"name":"wp","href":"https:\/\/api.w.org\/{rel}","templated":true}]}}