{"id":20,"date":"2019-01-11T16:30:03","date_gmt":"2019-01-11T15:30:03","guid":{"rendered":"https:\/\/cc-lesrochesdouvres.fr\/?page_id=20"},"modified":"2019-01-23T15:13:26","modified_gmt":"2019-01-23T14:13:26","slug":"la-boucherie-des-roches-douvres","status":"publish","type":"page","link":"https:\/\/cc-lesrochesdouvres.fr\/index.php\/la-boucherie-des-roches-douvres\/","title":{"rendered":"La Boucherie des Roches Douvres"},"content":{"rendered":"\n<p style=\"text-align:center\"><strong>Horaires : Ouvert du lundi au samedi de 8h15 \u00e0 13h et de 14h \u00e0 19h30.<\/strong><\/p>\n\n\n\n<p style=\"text-align:center\"><strong>Contact : 02&nbsp;96&nbsp;16&nbsp;17&nbsp;32<\/strong><\/p>\n\n\n\n<div class=\"wp-block-image\"><figure class=\"aligncenter\"><img loading=\"lazy\" width=\"900\" height=\"600\" src=\"https:\/\/cc-lesrochesdouvres.fr\/wp-content\/uploads\/2019\/01\/LOeil-de-Paco-Boucherie-Queffeulou-42.jpg\" alt=\"\" class=\"wp-image-167\" srcset=\"https:\/\/cc-lesrochesdouvres.fr\/wp-content\/uploads\/2019\/01\/LOeil-de-Paco-Boucherie-Queffeulou-42.jpg 900w, https:\/\/cc-lesrochesdouvres.fr\/wp-content\/uploads\/2019\/01\/LOeil-de-Paco-Boucherie-Queffeulou-42-300x200.jpg 300w, https:\/\/cc-lesrochesdouvres.fr\/wp-content\/uploads\/2019\/01\/LOeil-de-Paco-Boucherie-Queffeulou-42-768x512.jpg 768w\" sizes=\"(max-width: 900px) 100vw, 900px\" \/><\/figure><\/div>\n\n\n\n<p><\/p>\n\n\n\n<p>Apr\u00e8s avoir exerc\u00e9 leur activit\u00e9 durant 20 ans \u00e0 Plougrescant, Christian et MariePierre Queffeulou se sont install\u00e9 en avril 2017 au Centre Commercial des Roches Douvres.<\/p>\n\n\n\n<div class=\"wp-block-image\"><figure class=\"aligncenter\"><img loading=\"lazy\" width=\"900\" height=\"600\" src=\"https:\/\/cc-lesrochesdouvres.fr\/wp-content\/uploads\/2019\/01\/LOeil-de-Paco-Boucherie-Queffeulou-58.jpg\" alt=\"\" class=\"wp-image-169\" srcset=\"https:\/\/cc-lesrochesdouvres.fr\/wp-content\/uploads\/2019\/01\/LOeil-de-Paco-Boucherie-Queffeulou-58.jpg 900w, https:\/\/cc-lesrochesdouvres.fr\/wp-content\/uploads\/2019\/01\/LOeil-de-Paco-Boucherie-Queffeulou-58-300x200.jpg 300w, https:\/\/cc-lesrochesdouvres.fr\/wp-content\/uploads\/2019\/01\/LOeil-de-Paco-Boucherie-Queffeulou-58-768x512.jpg 768w\" sizes=\"(max-width: 900px) 100vw, 900px\" \/><\/figure><\/div>\n\n\n\n<p>Vous trouverez un large choix de plats : paella, bouch\u00e9e \u00e0 la reine, hachis Parmentier, filet mignon, blanquette de veau et le couscous tous les mercredis. <\/p>\n\n\n\n<p>L&rsquo;ensemble des plats est r\u00e9alis\u00e9 sur place avec des produits de qualit\u00e9, exclusivement Bio.<\/p>\n\n\n\n<div class=\"wp-block-image\"><figure class=\"aligncenter\"><img loading=\"lazy\" width=\"900\" height=\"600\" src=\"https:\/\/cc-lesrochesdouvres.fr\/wp-content\/uploads\/2019\/01\/LOeil-de-Paco-Boucherie-Queffeulou-46.jpg\" alt=\"\" class=\"wp-image-170\" srcset=\"https:\/\/cc-lesrochesdouvres.fr\/wp-content\/uploads\/2019\/01\/LOeil-de-Paco-Boucherie-Queffeulou-46.jpg 900w, https:\/\/cc-lesrochesdouvres.fr\/wp-content\/uploads\/2019\/01\/LOeil-de-Paco-Boucherie-Queffeulou-46-300x200.jpg 300w, https:\/\/cc-lesrochesdouvres.fr\/wp-content\/uploads\/2019\/01\/LOeil-de-Paco-Boucherie-Queffeulou-46-768x512.jpg 768w\" sizes=\"(max-width: 900px) 100vw, 900px\" \/><\/figure><\/div>\n\n\n\n<p>Pour vos repas de groupes, vous avez la possibilit\u00e9 de passer des commandes pour des repas allant jusqu&rsquo;\u00e0 30 personnes : couscous, paella, buffet froid&#8230;<\/p>\n\n\n\n<div class=\"wp-block-image\"><figure class=\"aligncenter\"><img loading=\"lazy\" width=\"900\" height=\"600\" src=\"https:\/\/cc-lesrochesdouvres.fr\/wp-content\/uploads\/2019\/01\/LOeil-de-Paco-Boucherie-Queffeulou-52.jpg\" alt=\"\" class=\"wp-image-174\" srcset=\"https:\/\/cc-lesrochesdouvres.fr\/wp-content\/uploads\/2019\/01\/LOeil-de-Paco-Boucherie-Queffeulou-52.jpg 900w, https:\/\/cc-lesrochesdouvres.fr\/wp-content\/uploads\/2019\/01\/LOeil-de-Paco-Boucherie-Queffeulou-52-300x200.jpg 300w, https:\/\/cc-lesrochesdouvres.fr\/wp-content\/uploads\/2019\/01\/LOeil-de-Paco-Boucherie-Queffeulou-52-768x512.jpg 768w\" sizes=\"(max-width: 900px) 100vw, 900px\" \/><\/figure><\/div>\n","protected":false},"excerpt":{"rendered":"<p>Horaires : Ouvert du lundi au samedi de 8h15 \u00e0 13h et de 14h \u00e0 19h30. Contact : 02&nbsp;96&nbsp;16&nbsp;17&nbsp;32 Apr\u00e8s avoir exerc\u00e9 leur activit\u00e9 durant 20 ans \u00e0 Plougrescant, Christian et MariePierre Queffeulou se sont install\u00e9 en avril 2017 au Centre Commercial des Roches Douvres. Vous trouverez un large choix de plats : paella, bouch\u00e9e [&hellip;]<\/p>\n","protected":false},"author":1,"featured_media":0,"parent":0,"menu_order":0,"comment_status":"closed","ping_status":"closed","template":"fullwidth.php","meta":[],"_links":{"self":[{"href":"https:\/\/cc-lesrochesdouvres.fr\/index.php\/wp-json\/wp\/v2\/pages\/20"}],"collection":[{"href":"https:\/\/cc-lesrochesdouvres.fr\/index.php\/wp-json\/wp\/v2\/pages"}],"about":[{"href":"https:\/\/cc-lesrochesdouvres.fr\/index.php\/wp-json\/wp\/v2\/types\/page"}],"author":[{"embeddable":true,"href":"https:\/\/cc-lesrochesdouvres.fr\/index.php\/wp-json\/wp\/v2\/users\/1"}],"replies":[{"embeddable":true,"href":"https:\/\/cc-lesrochesdouvres.fr\/index.php\/wp-json\/wp\/v2\/comments?post=20"}],"version-history":[{"count":7,"href":"https:\/\/cc-lesrochesdouvres.fr\/index.php\/wp-json\/wp\/v2\/pages\/20\/revisions"}],"predecessor-version":[{"id":178,"href":"https:\/\/cc-lesrochesdouvres.fr\/index.php\/wp-json\/wp\/v2\/pages\/20\/revisions\/178"}],"wp:attachment":[{"href":"https:\/\/cc-lesrochesdouvres.fr\/index.php\/wp-json\/wp\/v2\/media?parent=20"}],"curies":[{"name":"wp","href":"https:\/\/api.w.org\/{rel}","templated":true}]}}