{"id":22,"date":"2019-01-11T16:30:38","date_gmt":"2019-01-11T15:30:38","guid":{"rendered":"https:\/\/cc-lesrochesdouvres.fr\/?page_id=22"},"modified":"2019-01-23T21:18:32","modified_gmt":"2019-01-23T20:18:32","slug":"le-bistro","status":"publish","type":"page","link":"https:\/\/cc-lesrochesdouvres.fr\/index.php\/le-bistro\/","title":{"rendered":"Le Bistro"},"content":{"rendered":"\n<p style=\"text-align:center\"><strong>Horaires : Ouvert du lundi au jeudi de 7h \u00e0 21h.<br>Ouvert le vendredi et samedi de 7h \u00e0 13h et le dimanche matin.<\/strong><\/p>\n\n\n\n<p style=\"text-align:center\"><strong>Contact : 02&nbsp;96&nbsp;22&nbsp;00&nbsp;40<\/strong><\/p>\n\n\n\n<div class=\"wp-block-image\"><figure class=\"aligncenter\"><img loading=\"lazy\" width=\"900\" height=\"600\" src=\"https:\/\/cc-lesrochesdouvres.fr\/wp-content\/uploads\/2019\/01\/LOeil-de-Paco-Brasserie-Le-Bistro-80.jpg\" alt=\"\" class=\"wp-image-182\" srcset=\"https:\/\/cc-lesrochesdouvres.fr\/wp-content\/uploads\/2019\/01\/LOeil-de-Paco-Brasserie-Le-Bistro-80.jpg 900w, https:\/\/cc-lesrochesdouvres.fr\/wp-content\/uploads\/2019\/01\/LOeil-de-Paco-Brasserie-Le-Bistro-80-300x200.jpg 300w, https:\/\/cc-lesrochesdouvres.fr\/wp-content\/uploads\/2019\/01\/LOeil-de-Paco-Brasserie-Le-Bistro-80-768x512.jpg 768w\" sizes=\"(max-width: 900px) 100vw, 900px\" \/><\/figure><\/div>\n\n\n\n<p>Le Bistro vous accueille dans une ambiance chaleureuse et conviviale. Vous pourrez ainsi boire votre caf\u00e9, jouer au PMU, et m\u00eame vous restaurer.<\/p>\n\n\n\n<div class=\"wp-block-image\"><figure class=\"aligncenter\"><img loading=\"lazy\" width=\"900\" height=\"600\" src=\"https:\/\/cc-lesrochesdouvres.fr\/wp-content\/uploads\/2019\/01\/LOeil-de-Paco-Brasserie-Le-Bistro-17.jpg\" alt=\"\" class=\"wp-image-195\" srcset=\"https:\/\/cc-lesrochesdouvres.fr\/wp-content\/uploads\/2019\/01\/LOeil-de-Paco-Brasserie-Le-Bistro-17.jpg 900w, https:\/\/cc-lesrochesdouvres.fr\/wp-content\/uploads\/2019\/01\/LOeil-de-Paco-Brasserie-Le-Bistro-17-300x200.jpg 300w, https:\/\/cc-lesrochesdouvres.fr\/wp-content\/uploads\/2019\/01\/LOeil-de-Paco-Brasserie-Le-Bistro-17-768x512.jpg 768w\" sizes=\"(max-width: 900px) 100vw, 900px\" \/><\/figure><\/div>\n\n\n\n<p>Tous les midis du lundi au samedi, vous pourrez manger \u00e0 votre faim pour 12,50\u20ac gr\u00e2ce \u00e0 la formule \u00ab\u00a0entr\u00e9e &#8211; plat &#8211; dessert\u00a0\u00bb. Un formule \u00e0 18\u20ac, le vendredi et samedi soir, vient compl\u00e9t\u00e9e la carte.<\/p>\n\n\n\n<div class=\"wp-block-image\"><figure class=\"aligncenter\"><img loading=\"lazy\" width=\"900\" height=\"600\" src=\"https:\/\/cc-lesrochesdouvres.fr\/wp-content\/uploads\/2019\/01\/LOeil-de-Paco-Brasserie-Le-Bistro-40-1.jpg\" alt=\"\" class=\"wp-image-193\" srcset=\"https:\/\/cc-lesrochesdouvres.fr\/wp-content\/uploads\/2019\/01\/LOeil-de-Paco-Brasserie-Le-Bistro-40-1.jpg 900w, https:\/\/cc-lesrochesdouvres.fr\/wp-content\/uploads\/2019\/01\/LOeil-de-Paco-Brasserie-Le-Bistro-40-1-300x200.jpg 300w, https:\/\/cc-lesrochesdouvres.fr\/wp-content\/uploads\/2019\/01\/LOeil-de-Paco-Brasserie-Le-Bistro-40-1-768x512.jpg 768w\" sizes=\"(max-width: 900px) 100vw, 900px\" \/><\/figure><\/div>\n\n\n\n<div class=\"wp-block-image\"><figure class=\"aligncenter\"><img loading=\"lazy\" width=\"900\" height=\"600\" src=\"https:\/\/cc-lesrochesdouvres.fr\/wp-content\/uploads\/2019\/01\/LOeil-de-Paco-Brasserie-Le-Bistro-46.jpg\" alt=\"\" class=\"wp-image-197\" srcset=\"https:\/\/cc-lesrochesdouvres.fr\/wp-content\/uploads\/2019\/01\/LOeil-de-Paco-Brasserie-Le-Bistro-46.jpg 900w, https:\/\/cc-lesrochesdouvres.fr\/wp-content\/uploads\/2019\/01\/LOeil-de-Paco-Brasserie-Le-Bistro-46-300x200.jpg 300w, https:\/\/cc-lesrochesdouvres.fr\/wp-content\/uploads\/2019\/01\/LOeil-de-Paco-Brasserie-Le-Bistro-46-768x512.jpg 768w\" sizes=\"(max-width: 900px) 100vw, 900px\" \/><\/figure><\/div>\n\n\n\n<p>Une fois par mois, Le Bistro organise une soir\u00e9e \u00e0 th\u00e8me : choucroute, paella, &#8230;<\/p>\n\n\n\n<blockquote class=\"wp-block-quote\"><p>Que ce soit nos fruits, nos l\u00e9gumes, notre viande, tous nos produits sont locaux.<\/p><\/blockquote>\n\n\n\n<div class=\"wp-block-image\"><figure class=\"aligncenter\"><img loading=\"lazy\" width=\"900\" height=\"600\" src=\"https:\/\/cc-lesrochesdouvres.fr\/wp-content\/uploads\/2019\/01\/LOeil-de-Paco-Brasserie-Le-Bistro-35.jpg\" alt=\"\" class=\"wp-image-194\" srcset=\"https:\/\/cc-lesrochesdouvres.fr\/wp-content\/uploads\/2019\/01\/LOeil-de-Paco-Brasserie-Le-Bistro-35.jpg 900w, https:\/\/cc-lesrochesdouvres.fr\/wp-content\/uploads\/2019\/01\/LOeil-de-Paco-Brasserie-Le-Bistro-35-300x200.jpg 300w, https:\/\/cc-lesrochesdouvres.fr\/wp-content\/uploads\/2019\/01\/LOeil-de-Paco-Brasserie-Le-Bistro-35-768x512.jpg 768w\" sizes=\"(max-width: 900px) 100vw, 900px\" \/><\/figure><\/div>\n","protected":false},"excerpt":{"rendered":"<p>Horaires : Ouvert du lundi au jeudi de 7h \u00e0 21h.Ouvert le vendredi et samedi de 7h \u00e0 13h et le dimanche matin. Contact : 02&nbsp;96&nbsp;22&nbsp;00&nbsp;40 Le Bistro vous accueille dans une ambiance chaleureuse et conviviale. Vous pourrez ainsi boire votre caf\u00e9, jouer au PMU, et m\u00eame vous restaurer. Tous les midis du lundi au [&hellip;]<\/p>\n","protected":false},"author":1,"featured_media":0,"parent":0,"menu_order":0,"comment_status":"closed","ping_status":"closed","template":"fullwidth.php","meta":[],"_links":{"self":[{"href":"https:\/\/cc-lesrochesdouvres.fr\/index.php\/wp-json\/wp\/v2\/pages\/22"}],"collection":[{"href":"https:\/\/cc-lesrochesdouvres.fr\/index.php\/wp-json\/wp\/v2\/pages"}],"about":[{"href":"https:\/\/cc-lesrochesdouvres.fr\/index.php\/wp-json\/wp\/v2\/types\/page"}],"author":[{"embeddable":true,"href":"https:\/\/cc-lesrochesdouvres.fr\/index.php\/wp-json\/wp\/v2\/users\/1"}],"replies":[{"embeddable":true,"href":"https:\/\/cc-lesrochesdouvres.fr\/index.php\/wp-json\/wp\/v2\/comments?post=22"}],"version-history":[{"count":9,"href":"https:\/\/cc-lesrochesdouvres.fr\/index.php\/wp-json\/wp\/v2\/pages\/22\/revisions"}],"predecessor-version":[{"id":198,"href":"https:\/\/cc-lesrochesdouvres.fr\/index.php\/wp-json\/wp\/v2\/pages\/22\/revisions\/198"}],"wp:attachment":[{"href":"https:\/\/cc-lesrochesdouvres.fr\/index.php\/wp-json\/wp\/v2\/media?parent=22"}],"curies":[{"name":"wp","href":"https:\/\/api.w.org\/{rel}","templated":true}]}}