{"id":232,"date":"2019-01-24T12:56:51","date_gmt":"2019-01-24T11:56:51","guid":{"rendered":"https:\/\/cc-lesrochesdouvres.fr\/?page_id=232"},"modified":"2019-01-24T12:56:51","modified_gmt":"2019-01-24T11:56:51","slug":"mentions-legales","status":"publish","type":"page","link":"https:\/\/cc-lesrochesdouvres.fr\/index.php\/mentions-legales\/","title":{"rendered":"Mentions l\u00e9gales"},"content":{"rendered":"\n<p><strong>Ce site est \u00e9dit\u00e9 par la SCI Saint Adrien :&nbsp;<\/strong>7&nbsp;place&nbsp;Saint&nbsp;Adrien \u2013 22660 TRELEVERN<\/p>\n\n\n\n<p><strong>Illustrations, photographies, contenu r\u00e9dactionnel :<\/strong>&nbsp;Les photographies, illustrations et contenu r\u00e9dactionnel utilis\u00e9s sur ce site internet sont la propri\u00e9t\u00e9 de la soci\u00e9t\u00e9 Lannion Carrosserie. Vous n\u2019\u00eates donc pas autoris\u00e9s \u00e0 en utiliser le contenu sous quelque forme que ce soit, sans un accord pr\u00e9alable de son propri\u00e9taire.<\/p>\n\n\n\n<p><strong>Respect de la vie priv\u00e9e :<\/strong>&nbsp;Aucune information personnelle n\u2019est collect\u00e9e \u00e0 votre insu, aucune information personnelle n\u2019est c\u00e9d\u00e9e \u00e0 des tiers, aucune information personnelle n\u2019est utilis\u00e9e \u00e0 des fins non pr\u00e9vues.<\/p>\n\n\n\n<p><strong>Responsabilit\u00e9 :<\/strong>&nbsp;Les sites reli\u00e9s directement ou indirectement au site de Lannion Carrosserie ne sont pas sous son contr\u00f4le. En cons\u00e9quence, Lannion Carrosserie d\u00e9cline toute responsabilit\u00e9 quant aux informations publi\u00e9es sur ces sites. Le contenu des sites li\u00e9s au site Lannion Carrosserie n\u2019engage que leurs propri\u00e9taires.<\/p>\n\n\n\n<p><strong>Contact administrateur :<\/strong>&nbsp;webmaster@cc-lesrochesdouvres.fr<\/p>\n","protected":false},"excerpt":{"rendered":"<p>Ce site est \u00e9dit\u00e9 par la SCI Saint Adrien :&nbsp;7&nbsp;place&nbsp;Saint&nbsp;Adrien \u2013 22660 TRELEVERN Illustrations, photographies, contenu r\u00e9dactionnel :&nbsp;Les photographies, illustrations et contenu r\u00e9dactionnel utilis\u00e9s sur ce site internet sont la propri\u00e9t\u00e9 de la soci\u00e9t\u00e9 Lannion Carrosserie. Vous n\u2019\u00eates donc pas autoris\u00e9s \u00e0 en utiliser le contenu sous quelque forme que ce soit, sans un accord [&hellip;]<\/p>\n","protected":false},"author":1,"featured_media":0,"parent":0,"menu_order":0,"comment_status":"closed","ping_status":"closed","template":"fullwidth.php","meta":[],"_links":{"self":[{"href":"https:\/\/cc-lesrochesdouvres.fr\/index.php\/wp-json\/wp\/v2\/pages\/232"}],"collection":[{"href":"https:\/\/cc-lesrochesdouvres.fr\/index.php\/wp-json\/wp\/v2\/pages"}],"about":[{"href":"https:\/\/cc-lesrochesdouvres.fr\/index.php\/wp-json\/wp\/v2\/types\/page"}],"author":[{"embeddable":true,"href":"https:\/\/cc-lesrochesdouvres.fr\/index.php\/wp-json\/wp\/v2\/users\/1"}],"replies":[{"embeddable":true,"href":"https:\/\/cc-lesrochesdouvres.fr\/index.php\/wp-json\/wp\/v2\/comments?post=232"}],"version-history":[{"count":1,"href":"https:\/\/cc-lesrochesdouvres.fr\/index.php\/wp-json\/wp\/v2\/pages\/232\/revisions"}],"predecessor-version":[{"id":234,"href":"https:\/\/cc-lesrochesdouvres.fr\/index.php\/wp-json\/wp\/v2\/pages\/232\/revisions\/234"}],"wp:attachment":[{"href":"https:\/\/cc-lesrochesdouvres.fr\/index.php\/wp-json\/wp\/v2\/media?parent=232"}],"curies":[{"name":"wp","href":"https:\/\/api.w.org\/{rel}","templated":true}]}}