{"id":26,"date":"2019-01-11T16:31:27","date_gmt":"2019-01-11T15:31:27","guid":{"rendered":"https:\/\/cc-lesrochesdouvres.fr\/?page_id=26"},"modified":"2019-01-23T21:34:47","modified_gmt":"2019-01-23T20:34:47","slug":"le-pavillon-des-vins","status":"publish","type":"page","link":"https:\/\/cc-lesrochesdouvres.fr\/index.php\/le-pavillon-des-vins\/","title":{"rendered":"Le Pavillon des vins"},"content":{"rendered":"\n<p style=\"text-align:center\"><strong>Horaires : Ouvert du lundi au samedi de 10h \u00e0 12h30 et de 14h30 \u00e0 19h30.<\/strong><\/p>\n\n\n\n<p style=\"text-align:center\"><strong>Contact : 02&nbsp;96&nbsp;22&nbsp;81&nbsp;82<\/strong><\/p>\n\n\n\n<div class=\"wp-block-image\"><figure class=\"aligncenter\"><img loading=\"lazy\" width=\"900\" height=\"600\" src=\"https:\/\/cc-lesrochesdouvres.fr\/wp-content\/uploads\/2019\/01\/LOeil-de-Paco-Caviste-Mah\u00c7-39.jpg\" alt=\"\" class=\"wp-image-188\" srcset=\"https:\/\/cc-lesrochesdouvres.fr\/wp-content\/uploads\/2019\/01\/LOeil-de-Paco-Caviste-Mah\u00c7-39.jpg 900w, https:\/\/cc-lesrochesdouvres.fr\/wp-content\/uploads\/2019\/01\/LOeil-de-Paco-Caviste-Mah\u00c7-39-300x200.jpg 300w, https:\/\/cc-lesrochesdouvres.fr\/wp-content\/uploads\/2019\/01\/LOeil-de-Paco-Caviste-Mah\u00c7-39-768x512.jpg 768w\" sizes=\"(max-width: 900px) 100vw, 900px\" \/><\/figure><\/div>\n\n\n\n<p>Le Pavillon des vins vous propose un large choix de vins, bi\u00e8res et spiritueux. <\/p>\n\n\n\n<div class=\"wp-block-image\"><figure class=\"aligncenter\"><img loading=\"lazy\" width=\"900\" height=\"600\" src=\"https:\/\/cc-lesrochesdouvres.fr\/wp-content\/uploads\/2019\/01\/LOeil-de-Paco-Caviste-Mah\u00c7-5.jpg\" alt=\"\" class=\"wp-image-199\" srcset=\"https:\/\/cc-lesrochesdouvres.fr\/wp-content\/uploads\/2019\/01\/LOeil-de-Paco-Caviste-Mah\u00c7-5.jpg 900w, https:\/\/cc-lesrochesdouvres.fr\/wp-content\/uploads\/2019\/01\/LOeil-de-Paco-Caviste-Mah\u00c7-5-300x200.jpg 300w, https:\/\/cc-lesrochesdouvres.fr\/wp-content\/uploads\/2019\/01\/LOeil-de-Paco-Caviste-Mah\u00c7-5-768x512.jpg 768w\" sizes=\"(max-width: 900px) 100vw, 900px\" \/><\/figure><\/div>\n\n\n\n<p>Qu&rsquo;ils soient bios, fran\u00e7ais, ou \u00e9trangers, vous trouverez plus de 300 r\u00e9f\u00e9rences de vins pour tous les budgets.<\/p>\n\n\n\n<div class=\"wp-block-image\"><figure class=\"aligncenter\"><img loading=\"lazy\" width=\"900\" height=\"600\" src=\"https:\/\/cc-lesrochesdouvres.fr\/wp-content\/uploads\/2019\/01\/LOeil-de-Paco-Caviste-Mah\u00c7-7.jpg\" alt=\"\" class=\"wp-image-201\" srcset=\"https:\/\/cc-lesrochesdouvres.fr\/wp-content\/uploads\/2019\/01\/LOeil-de-Paco-Caviste-Mah\u00c7-7.jpg 900w, https:\/\/cc-lesrochesdouvres.fr\/wp-content\/uploads\/2019\/01\/LOeil-de-Paco-Caviste-Mah\u00c7-7-300x200.jpg 300w, https:\/\/cc-lesrochesdouvres.fr\/wp-content\/uploads\/2019\/01\/LOeil-de-Paco-Caviste-Mah\u00c7-7-768x512.jpg 768w\" sizes=\"(max-width: 900px) 100vw, 900px\" \/><\/figure><\/div>\n\n\n\n<p>Le Pavillon des vins vous propose de d\u00e9guster diff\u00e9rents crus gr\u00e2ce \u00e0 sa table de d\u00e9gustation.<\/p>\n\n\n\n<div class=\"wp-block-image\"><figure class=\"aligncenter\"><img loading=\"lazy\" width=\"900\" height=\"600\" src=\"https:\/\/cc-lesrochesdouvres.fr\/wp-content\/uploads\/2019\/01\/LOeil-de-Paco-Caviste-Mah\u00c7-51.jpg\" alt=\"\" class=\"wp-image-203\" srcset=\"https:\/\/cc-lesrochesdouvres.fr\/wp-content\/uploads\/2019\/01\/LOeil-de-Paco-Caviste-Mah\u00c7-51.jpg 900w, https:\/\/cc-lesrochesdouvres.fr\/wp-content\/uploads\/2019\/01\/LOeil-de-Paco-Caviste-Mah\u00c7-51-300x200.jpg 300w, https:\/\/cc-lesrochesdouvres.fr\/wp-content\/uploads\/2019\/01\/LOeil-de-Paco-Caviste-Mah\u00c7-51-768x512.jpg 768w\" sizes=\"(max-width: 900px) 100vw, 900px\" \/><\/figure><\/div>\n\n\n\n<p>Concernant les bi\u00e8res, vous trouverez une centaine de r\u00e9f\u00e9rences : bi\u00e8res \u00e9trang\u00e8res ou bi\u00e8res locales, en bouteilles ou en f\u00fbts de 6 litres. L\u00e0 encore vous pourrez d\u00e9guster la bi\u00e8re puisque deux f\u00fbts sont en d\u00e9gustation.<\/p>\n\n\n\n<div class=\"wp-block-image\"><figure class=\"aligncenter\"><img loading=\"lazy\" width=\"900\" height=\"600\" src=\"https:\/\/cc-lesrochesdouvres.fr\/wp-content\/uploads\/2019\/01\/LOeil-de-Paco-Caviste-Mah\u00c7-1.jpg\" alt=\"\" class=\"wp-image-206\" srcset=\"https:\/\/cc-lesrochesdouvres.fr\/wp-content\/uploads\/2019\/01\/LOeil-de-Paco-Caviste-Mah\u00c7-1.jpg 900w, https:\/\/cc-lesrochesdouvres.fr\/wp-content\/uploads\/2019\/01\/LOeil-de-Paco-Caviste-Mah\u00c7-1-300x200.jpg 300w, https:\/\/cc-lesrochesdouvres.fr\/wp-content\/uploads\/2019\/01\/LOeil-de-Paco-Caviste-Mah\u00c7-1-768x512.jpg 768w\" sizes=\"(max-width: 900px) 100vw, 900px\" \/><\/figure><\/div>\n\n\n\n<p><br><\/p>\n","protected":false},"excerpt":{"rendered":"<p>Horaires : Ouvert du lundi au samedi de 10h \u00e0 12h30 et de 14h30 \u00e0 19h30. Contact : 02&nbsp;96&nbsp;22&nbsp;81&nbsp;82 Le Pavillon des vins vous propose un large choix de vins, bi\u00e8res et spiritueux. Qu&rsquo;ils soient bios, fran\u00e7ais, ou \u00e9trangers, vous trouverez plus de 300 r\u00e9f\u00e9rences de vins pour tous les budgets. Le Pavillon des vins [&hellip;]<\/p>\n","protected":false},"author":1,"featured_media":0,"parent":0,"menu_order":0,"comment_status":"closed","ping_status":"closed","template":"fullwidth.php","meta":[],"_links":{"self":[{"href":"https:\/\/cc-lesrochesdouvres.fr\/index.php\/wp-json\/wp\/v2\/pages\/26"}],"collection":[{"href":"https:\/\/cc-lesrochesdouvres.fr\/index.php\/wp-json\/wp\/v2\/pages"}],"about":[{"href":"https:\/\/cc-lesrochesdouvres.fr\/index.php\/wp-json\/wp\/v2\/types\/page"}],"author":[{"embeddable":true,"href":"https:\/\/cc-lesrochesdouvres.fr\/index.php\/wp-json\/wp\/v2\/users\/1"}],"replies":[{"embeddable":true,"href":"https:\/\/cc-lesrochesdouvres.fr\/index.php\/wp-json\/wp\/v2\/comments?post=26"}],"version-history":[{"count":10,"href":"https:\/\/cc-lesrochesdouvres.fr\/index.php\/wp-json\/wp\/v2\/pages\/26\/revisions"}],"predecessor-version":[{"id":185,"href":"https:\/\/cc-lesrochesdouvres.fr\/index.php\/wp-json\/wp\/v2\/pages\/26\/revisions\/185"}],"wp:attachment":[{"href":"https:\/\/cc-lesrochesdouvres.fr\/index.php\/wp-json\/wp\/v2\/media?parent=26"}],"curies":[{"name":"wp","href":"https:\/\/api.w.org\/{rel}","templated":true}]}}