{"id":28,"date":"2019-01-11T16:32:14","date_gmt":"2019-01-11T15:32:14","guid":{"rendered":"https:\/\/cc-lesrochesdouvres.fr\/?page_id=28"},"modified":"2019-01-22T19:28:33","modified_gmt":"2019-01-22T18:28:33","slug":"boulangerie-patisserie-vidamant","status":"publish","type":"page","link":"https:\/\/cc-lesrochesdouvres.fr\/index.php\/boulangerie-patisserie-vidamant\/","title":{"rendered":"Boulangerie P\u00e2tisserie Vidamant"},"content":{"rendered":"\n<p style=\"text-align:center\"><strong>Horaires :  ouvert en continu de 6h \u00e0 19h30 du lundi au samedi <\/strong><\/p>\n\n\n\n<p style=\"text-align:center\"><strong>Contact : 02 96 22 33 98<\/strong><\/p>\n\n\n\n<div class=\"wp-block-image\"><figure class=\"aligncenter\"><img loading=\"lazy\" width=\"900\" height=\"600\" src=\"https:\/\/cc-lesrochesdouvres.fr\/wp-content\/uploads\/2019\/01\/LOeil-de-Paco-Boulangerie-Vidamant-84.jpg\" alt=\"\" class=\"wp-image-113\" srcset=\"https:\/\/cc-lesrochesdouvres.fr\/wp-content\/uploads\/2019\/01\/LOeil-de-Paco-Boulangerie-Vidamant-84.jpg 900w, https:\/\/cc-lesrochesdouvres.fr\/wp-content\/uploads\/2019\/01\/LOeil-de-Paco-Boulangerie-Vidamant-84-300x200.jpg 300w, https:\/\/cc-lesrochesdouvres.fr\/wp-content\/uploads\/2019\/01\/LOeil-de-Paco-Boulangerie-Vidamant-84-768x512.jpg 768w\" sizes=\"(max-width: 900px) 100vw, 900px\" \/><\/figure><\/div>\n\n\n\n<p>Implant\u00e9 dans le Centre Commercial Des Roches Douvres depuis juillet 2015, la boulangerie Vidamant est bien connue des habitants du Go\u00eblo puisque auparavant elle \u00e9tait implant\u00e9e rue des \u00e9coles \u00e0 L\u00e9zardrieux durant 13 ann\u00e9es.<\/p>\n\n\n\n<p>Que ce soit en boulangerie ou p\u00e2tisserie, toutes les fabrications sont faites maison avec des produits locaux, le lait provient de Penvenan, les oeufs de Lanrodec&#8230;<\/p>\n\n\n\n<div class=\"wp-block-image\"><figure class=\"aligncenter\"><img loading=\"lazy\" width=\"900\" height=\"600\" src=\"https:\/\/cc-lesrochesdouvres.fr\/wp-content\/uploads\/2019\/01\/LOeil-de-Paco-Boulangerie-Vidamant-23.jpg\" alt=\"\" class=\"wp-image-114\" srcset=\"https:\/\/cc-lesrochesdouvres.fr\/wp-content\/uploads\/2019\/01\/LOeil-de-Paco-Boulangerie-Vidamant-23.jpg 900w, https:\/\/cc-lesrochesdouvres.fr\/wp-content\/uploads\/2019\/01\/LOeil-de-Paco-Boulangerie-Vidamant-23-300x200.jpg 300w, https:\/\/cc-lesrochesdouvres.fr\/wp-content\/uploads\/2019\/01\/LOeil-de-Paco-Boulangerie-Vidamant-23-768x512.jpg 768w\" sizes=\"(max-width: 900px) 100vw, 900px\" \/><\/figure><\/div>\n\n\n\n<p>En plus d&rsquo;avoir un Drive, l&rsquo;entreprise se distingue gr\u00e2ce \u00e0 la baguette p\u00e9trisane : <\/p>\n\n\n\n<blockquote class=\"wp-block-quote\"><p>C&rsquo;est une baguette avec une mie moelleuse et un parfum de noisette. Nous ne sommes que deux \u00e0 la fabriquer dans les C\u00f4tes d&rsquo;Armor<\/p><\/blockquote>\n\n\n\n<div class=\"wp-block-image\"><figure class=\"aligncenter\"><img loading=\"lazy\" width=\"900\" height=\"600\" src=\"https:\/\/cc-lesrochesdouvres.fr\/wp-content\/uploads\/2019\/01\/LOeil-de-Paco-Boulangerie-Vidamant-11.jpg\" alt=\"\" class=\"wp-image-122\" srcset=\"https:\/\/cc-lesrochesdouvres.fr\/wp-content\/uploads\/2019\/01\/LOeil-de-Paco-Boulangerie-Vidamant-11.jpg 900w, https:\/\/cc-lesrochesdouvres.fr\/wp-content\/uploads\/2019\/01\/LOeil-de-Paco-Boulangerie-Vidamant-11-300x200.jpg 300w, https:\/\/cc-lesrochesdouvres.fr\/wp-content\/uploads\/2019\/01\/LOeil-de-Paco-Boulangerie-Vidamant-11-768x512.jpg 768w\" sizes=\"(max-width: 900px) 100vw, 900px\" \/><\/figure><\/div>\n","protected":false},"excerpt":{"rendered":"<p>Horaires : ouvert en continu de 6h \u00e0 19h30 du lundi au samedi Contact : 02 96 22 33 98 Implant\u00e9 dans le Centre Commercial Des Roches Douvres depuis juillet 2015, la boulangerie Vidamant est bien connue des habitants du Go\u00eblo puisque auparavant elle \u00e9tait implant\u00e9e rue des \u00e9coles \u00e0 L\u00e9zardrieux durant 13 ann\u00e9es. Que [&hellip;]<\/p>\n","protected":false},"author":1,"featured_media":0,"parent":0,"menu_order":0,"comment_status":"closed","ping_status":"closed","template":"fullwidth.php","meta":[],"_links":{"self":[{"href":"https:\/\/cc-lesrochesdouvres.fr\/index.php\/wp-json\/wp\/v2\/pages\/28"}],"collection":[{"href":"https:\/\/cc-lesrochesdouvres.fr\/index.php\/wp-json\/wp\/v2\/pages"}],"about":[{"href":"https:\/\/cc-lesrochesdouvres.fr\/index.php\/wp-json\/wp\/v2\/types\/page"}],"author":[{"embeddable":true,"href":"https:\/\/cc-lesrochesdouvres.fr\/index.php\/wp-json\/wp\/v2\/users\/1"}],"replies":[{"embeddable":true,"href":"https:\/\/cc-lesrochesdouvres.fr\/index.php\/wp-json\/wp\/v2\/comments?post=28"}],"version-history":[{"count":8,"href":"https:\/\/cc-lesrochesdouvres.fr\/index.php\/wp-json\/wp\/v2\/pages\/28\/revisions"}],"predecessor-version":[{"id":123,"href":"https:\/\/cc-lesrochesdouvres.fr\/index.php\/wp-json\/wp\/v2\/pages\/28\/revisions\/123"}],"wp:attachment":[{"href":"https:\/\/cc-lesrochesdouvres.fr\/index.php\/wp-json\/wp\/v2\/media?parent=28"}],"curies":[{"name":"wp","href":"https:\/\/api.w.org\/{rel}","templated":true}]}}